{"id":1215,"date":"2014-10-02T11:03:59","date_gmt":"2014-10-02T11:03:59","guid":{"rendered":"http:\/\/luxenburg.nu\/?page_id=1215"},"modified":"2022-02-20T13:08:53","modified_gmt":"2022-02-20T13:08:53","slug":"tradseriens-historia","status":"publish","type":"page","link":"https:\/\/luxenburg.nu\/?page_id=1215","title":{"rendered":"Tr\u00e4dserien"},"content":{"rendered":"<p><a href=\"http:\/\/media.luxenburg.nu\/2014\/09\/Karleksparet800.jpg\"><img loading=\"lazy\" decoding=\"async\" class=\"alignright wp-image-1180 size-medium\" src=\"http:\/\/media.luxenburg.nu\/2014\/09\/Karleksparet800-96x300.jpg\" alt=\"Karleksparet800.jpg\" width=\"96\" height=\"300\" \/><\/a>Tr\u00e4dserien best\u00e5r idag av tjugofyra m\u00e5lningar f\u00f6rest\u00e4llande fr\u00e4mst tr\u00e4d och skog. Tr\u00e4dserien b\u00f6rjade att v\u00e4xa fram under f\u00f6rsommaren 2013, ett \u00e5r efter det att jag g\u00e5tt en kurs i frig\u00f6rande m\u00e5leri. Tack vare kursen i Vedic Art, de sjutton principerna, lyckades jag sl\u00e4ppa fram skapar gl\u00e4djen och prestations\u00e5ngesten sl\u00e4ppte.<\/p>\n<p>Serien b\u00f6rjade med m\u00e5lningen Ursprung som kom till n\u00e4r jag provade en ny teknik. Jag utnyttjade en av akrylens b\u00e4sta\u00a0egenskaper, vattenl\u00f6sligheten, och anv\u00e4nde en blomspruta. Vattendropparna tog med sig en del av f\u00e4rgen och bildade slingrade r\u00e4nnor nedf\u00f6r duken. Med lite fantasi anade jag stammar och r\u00f6tter. P\u00e5 s\u00e5 s\u00e4tt uppstod tr\u00e4d efter tr\u00e4d och m\u00e5lning efter m\u00e5lning.<\/p>\n<p>Ungef\u00e4r samtidigt m\u00f6tte jag k\u00e4rleken. Jag best\u00e4mde mig f\u00f6r att l\u00e4mna karri\u00e4ren inom handel och g\u00e5 igenom 40:\u00e5rs inventeringen. Med min partner en j\u00e4mlike jag l\u00e4rt k\u00e4nna n\u00e5got \u00e5r tidigare vid min sida.<\/p>\n<p>Under Tr\u00e4dseriens uppkomst har jag \u00e4gnat mig \u00e5t att samla in information om mina r\u00f6tter. Anledningen till detta var min familjs historia. Det fanns en livf\u00f6rs\u00e4kring som tecknats i Warszawa 1932 som efter ett intensivt detektivarbete tillf\u00f6ll oss i familjen Luxenburg 2013. Fortfarande har inte alla bitar fallit p\u00e5 plats i min familjehistoria som str\u00e4cker sig till slutet p\u00e5 1700 talet d\u00e5 min farfars farfars farfar f\u00f6ddes.<\/p>\n<p>Ta g\u00e4rna en titt i\u00a0<span style=\"color: #000000;\"><a style=\"color: #000000;\" title=\"Galleri\" href=\"http:\/\/luxenburg.nu\/\">galleriet<\/a>,\u00a0<\/span>d\u00e4r finns <a href=\"https:\/\/luxenburg.nu\/?gallery=tradserien-7\/tradserien\">Tr\u00e4dserien<\/a> samlad.<\/p>\n\n<!-- Facebook Like Button Vivacity Infotech BEGIN -->\n<div class=\"fb-like\" data-href=\"https:\/\/luxenburg.nu\/?page_id=1215\" data-layout=\"standard\" data-action=\"like\" data-show-faces=\"false\" data-size=\"small\" data-width=\"450\" data-share=\"\" ><\/div>\n<!-- Facebook Like Button Vivacity Infotech END -->\n","protected":false},"excerpt":{"rendered":"<p>Tr\u00e4dserien best\u00e5r idag av tjugofyra m\u00e5lningar f\u00f6rest\u00e4llande fr\u00e4mst tr\u00e4d och skog. Tr\u00e4dserien b\u00f6rjade att v\u00e4xa fram under f\u00f6rsommaren 2013, ett \u00e5r efter det att jag g\u00e5tt en kurs i frig\u00f6rande m\u00e5leri. Tack vare kursen i Vedic Art, de sjutton principerna, lyckades jag sl\u00e4ppa fram skapar gl\u00e4djen och prestations\u00e5ngesten sl\u00e4ppte. Serien b\u00f6rjade med m\u00e5lningen Ursprung som&hellip;<\/p>\n","protected":false},"author":1,"featured_media":0,"parent":0,"menu_order":0,"comment_status":"closed","ping_status":"closed","template":"","meta":{"jetpack_post_was_ever_published":false,"footnotes":""},"class_list":["post-1215","page","type-page","status-publish","hentry"],"jetpack_sharing_enabled":true,"jetpack_shortlink":"https:\/\/wp.me\/P4piv1-jB","_links":{"self":[{"href":"https:\/\/luxenburg.nu\/index.php?rest_route=\/wp\/v2\/pages\/1215","targetHints":{"allow":["GET"]}}],"collection":[{"href":"https:\/\/luxenburg.nu\/index.php?rest_route=\/wp\/v2\/pages"}],"about":[{"href":"https:\/\/luxenburg.nu\/index.php?rest_route=\/wp\/v2\/types\/page"}],"author":[{"embeddable":true,"href":"https:\/\/luxenburg.nu\/index.php?rest_route=\/wp\/v2\/users\/1"}],"replies":[{"embeddable":true,"href":"https:\/\/luxenburg.nu\/index.php?rest_route=%2Fwp%2Fv2%2Fcomments&post=1215"}],"version-history":[{"count":40,"href":"https:\/\/luxenburg.nu\/index.php?rest_route=\/wp\/v2\/pages\/1215\/revisions"}],"predecessor-version":[{"id":2389,"href":"https:\/\/luxenburg.nu\/index.php?rest_route=\/wp\/v2\/pages\/1215\/revisions\/2389"}],"wp:attachment":[{"href":"https:\/\/luxenburg.nu\/index.php?rest_route=%2Fwp%2Fv2%2Fmedia&parent=1215"}],"curies":[{"name":"wp","href":"https:\/\/api.w.org\/{rel}","templated":true}]}}